{"id":290,"date":"2015-10-24T15:49:45","date_gmt":"2015-10-24T13:49:45","guid":{"rendered":"https:\/\/www.wrackteil.com\/impressum-fr\/"},"modified":"2024-08-14T10:23:06","modified_gmt":"2024-08-14T08:23:06","slug":"impressum-2","status":"publish","type":"page","link":"https:\/\/www.wrackteil.com\/fr\/impressum-2\/","title":{"rendered":"Impressum (fr)"},"content":{"rendered":"<div id=\"cs-content\" class=\"cs-content\"><\/div>\n","protected":false},"excerpt":{"rendered":"<p>Impressum Angaben gem\u00e4\u00df \u00a7 5 TMG: Claus Eschen 31 boulevard Chanzy 33120 Arcachon Frankreich Telefon: \u00a0\u00a0 \u00a001520-3066288 E-Mail: \u00a0\u00a0 \u00a0post@wrackteil.de Quelle: http:\/\/www.e-recht24.deHaftungsausschluss(Disclaimer) Haftung f\u00fcr Inhalte Als Diensteanbieter sind wir gem\u00e4\u00df \u00a7 7 Abs.1 TMG f\u00fcr &#8230; <a href=\"https:\/\/www.wrackteil.com\/fr\/impressum-2\/\" class=\"more-link\">Read More<\/a><\/p>\n","protected":false},"author":2,"featured_media":0,"parent":0,"menu_order":0,"comment_status":"closed","ping_status":"closed","template":"template-layout-full-width.php","meta":{"_acf_changed":false,"footnotes":""},"class_list":["post-290","page","type-page","status-publish","hentry","no-post-thumbnail"],"acf":[],"_links":{"self":[{"href":"https:\/\/www.wrackteil.com\/fr\/wp-json\/wp\/v2\/pages\/290","targetHints":{"allow":["GET"]}}],"collection":[{"href":"https:\/\/www.wrackteil.com\/fr\/wp-json\/wp\/v2\/pages"}],"about":[{"href":"https:\/\/www.wrackteil.com\/fr\/wp-json\/wp\/v2\/types\/page"}],"author":[{"embeddable":true,"href":"https:\/\/www.wrackteil.com\/fr\/wp-json\/wp\/v2\/users\/2"}],"replies":[{"embeddable":true,"href":"https:\/\/www.wrackteil.com\/fr\/wp-json\/wp\/v2\/comments?post=290"}],"version-history":[{"count":3,"href":"https:\/\/www.wrackteil.com\/fr\/wp-json\/wp\/v2\/pages\/290\/revisions"}],"predecessor-version":[{"id":293,"href":"https:\/\/www.wrackteil.com\/fr\/wp-json\/wp\/v2\/pages\/290\/revisions\/293"}],"wp:attachment":[{"href":"https:\/\/www.wrackteil.com\/fr\/wp-json\/wp\/v2\/media?parent=290"}],"curies":[{"name":"wp","href":"https:\/\/api.w.org\/{rel}","templated":true}]}}